{"id":292,"date":"2021-07-10T21:08:25","date_gmt":"2021-07-10T21:08:25","guid":{"rendered":"https:\/\/connect-professionals.de\/realestate\/?page_id=292"},"modified":"2024-10-29T18:39:03","modified_gmt":"2024-10-29T18:39:03","slug":"impressum","status":"publish","type":"page","link":"https:\/\/connect-professionals.de\/realestate\/impressum\/","title":{"rendered":"Impressum"},"content":{"rendered":"\t<section class=\"section\" id=\"section_1844854851\">\n\t\t<div class=\"bg section-bg fill bg-fill  bg-loaded\" >\n\n\t\t\t\n\t\t\t\n\t\t\t\n\n\t\t<\/div>\n\n\t\t<div class=\"section-content relative\">\n\t\t\t\n<div class=\"row row-collapse row-full-width\"  id=\"row-1341527458\">\n\n\t<div id=\"col-2047981035\" class=\"col small-12 large-12\"  >\n\t\t<div class=\"col-inner\"  >\n\t\t\t\n\t\t\t\n\n  <div class=\"banner has-hover\" id=\"banner-990583930\">\n          <div class=\"banner-inner fill\">\n        <div class=\"banner-bg fill\" >\n            <div class=\"bg fill bg-fill \"><\/div>\n                        <div class=\"overlay\"><\/div>            \n                    <\/div>\n        <div class=\"banner-layers container\">\n            <div class=\"fill banner-link\"><\/div>            \n   <div id=\"text-box-1058496003\" class=\"text-box banner-layer x50 md-x5 lg-x5 y60 md-y70 lg-y70 res-text\">\n                                <div class=\"text-box-content text dark\">\n              \n              <div class=\"text-inner text-center\">\n                  \n<h1 class=\"uppercase\" style=\"text-align: left;\"><strong>Unser <span style=\"color: #feb310;\">Datenschutz<\/span><\/strong><\/h1>\n              <\/div>\n           <\/div>\n                            \n<style>\n#text-box-1058496003 {\n  width: 88%;\n}\n#text-box-1058496003 .text-box-content {\n  font-size: 79%;\n}\n@media (min-width:550px) {\n  #text-box-1058496003 {\n    width: 72%;\n  }\n  #text-box-1058496003 .text-box-content {\n    font-size: 100%;\n  }\n}\n<\/style>\n    <\/div>\n \n        <\/div>\n      <\/div>\n\n            \n<style>\n#banner-990583930 {\n  padding-top: 590px;\n}\n#banner-990583930 .bg.bg-loaded {\n  background-image: url(https:\/\/connect-professionals.de\/realestate\/wp-content\/uploads\/sites\/2\/2021\/07\/70bcc3bc-f81d-4a08-ae1d-d01079421776.jpg);\n}\n#banner-990583930 .overlay {\n  background-color: rgba(0,0,0,.5);\n}\n#banner-990583930 .bg {\n  background-position: 9% 51%;\n}\n<\/style>\n  <\/div>\n\n\n\t\t<\/div>\n\t\t\t<\/div>\n\n\t\n<\/div>\n\t\t<\/div>\n\n\t\t\n<style>\n#section_1844854851 {\n  padding-top: 0px;\n  padding-bottom: 0px;\n}\n<\/style>\n\t<\/section>\n\t\n\t<section class=\"section\" id=\"section_532867741\">\n\t\t<div class=\"bg section-bg fill bg-fill  bg-loaded\" >\n\n\t\t\t\n\t\t\t\n\t\t\t\n\n\t\t<\/div>\n\n\t\t<div class=\"section-content relative\">\n\t\t\t\n<div class=\"row\"  id=\"row-1928439019\">\n\n\t<div id=\"col-1439262628\" class=\"col small-12 large-12\"  >\n\t\t<div class=\"col-inner text-center\"  >\n\t\t\t\n\t\t\t\n\t<div class=\"img has-hover x md-x lg-x y md-y lg-y\" id=\"image_206145119\">\n\t\t\t\t\t\t\t\t<div class=\"img-inner dark\" >\n\t\t\t<img loading=\"lazy\" decoding=\"async\" width=\"1000\" height=\"426\" src=\"https:\/\/connect-professionals.de\/realestate\/wp-content\/uploads\/sites\/2\/2021\/08\/real_estate_professionals_logo.png\" class=\"attachment-original size-original\" alt=\"\" srcset=\"https:\/\/connect-professionals.de\/realestate\/wp-content\/uploads\/sites\/2\/2021\/08\/real_estate_professionals_logo.png 1000w, https:\/\/connect-professionals.de\/realestate\/wp-content\/uploads\/sites\/2\/2021\/08\/real_estate_professionals_logo-300x128.png 300w, https:\/\/connect-professionals.de\/realestate\/wp-content\/uploads\/sites\/2\/2021\/08\/real_estate_professionals_logo-768x327.png 768w\" sizes=\"(max-width: 1000px) 100vw, 1000px\" \/>\t\t\t\t\t\t\n\t\t\t\t\t<\/div>\n\t\t\t\t\t\t\t\t\n<style>\n#image_206145119 {\n  width: 76%;\n}\n@media (min-width:550px) {\n  #image_206145119 {\n    width: 26%;\n  }\n}\n<\/style>\n\t<\/div>\n\t\n<p style=\"text-align: center;\">Real Estate Professionals Christian Ossot<br \/>\nIm Wiesengrund 28<br \/>\n63225 Langen<\/p>\n<p style=\"text-align: center;\"><em>Inhaltlich verantwortlich im Sinne des \u00a75 TMG ist:<\/em><\/p>\n<p style=\"text-align: center;\">Christian Ossot<br \/>\nSteuer-ID: 028 854 31983<\/p>\n<p style=\"text-align: center;\">E-Mail: <a href=\"mailto:mail@connect-professionals.de\">mail@connect-professionals.de<\/a><br \/>\nRufnummer:<a href=\"tel:+4961034694810\"> + 49 (0) 6103 \/ 4 69 4 810<\/a><\/p>\n<h3 class=\"font_3\" style=\"text-align: left;\"><strong>Haftungsausschluss<\/strong><\/h3>\n<p class=\"font_7\" style=\"text-align: left;\">Real Estate Professionals \u00fcbernimmt keine Garantie daf\u00fcr, dass die auf dieser Website bereitgestellten Informationen vollst\u00e4ndig, richtig und in jedem Fall aktuell sind. Dies gilt auch f\u00fcr alle Verbindungen (\u201clinks\u201d), auf die diese Website direkt oder indirekt verweist. Real Estate Professionals ist f\u00fcr den Inhalt einer Seite, die mit einem solchen link erreicht wird, nicht verantwortlich. Real Estate Professionals beh\u00e4lt sich das Recht vor, ohne vorherige Ank\u00fcndigung, \u00c4nderungen oder Erg\u00e4nzungen der bereitgestellten Informationen vorzunehmen.<\/p>\n<p class=\"font_7\" style=\"text-align: left;\"><span class=\"wixGuard\">\u200b<\/span><\/p>\n<p class=\"font_7\" style=\"text-align: left;\">Auf keinen Fall haftet Real Estate Professionals f\u00fcr konkrete, mittelbare und unmittelbare Sch\u00e4den oder Sch\u00e4den, die durch fehlende Nutzungsm\u00f6glichkeiten, Datenverluste oder entgangene Gewinne \u2013 sei es aufgrund der Nichteinhaltung vertraglicher Verpflichtungen, durch Fahrl\u00e4ssigkeit oder eine andere unerlaubte Handlung \u2013 im Zusammenhang mit der Nutzung von Dokumenten oder Informationen bzw. der Erbringung von Dienstleistungen entstehen, die auf dieser Website zug\u00e4nglich sind.<\/p>\n<p class=\"font_8\" style=\"text-align: left;\"><span style=\"color: #000000;\"><strong>Links zu anderen Webseiten<\/strong><\/span><\/p>\n<p class=\"font_8\" style=\"text-align: left;\">Rufen Sie eine externe Internetseite von unserer Seite auf z.B. die Website von\u00a0<a href=\"https:\/\/de.indeed.com\/\" target=\"_blank\" rel=\"noopener noreferrer\" data-content=\"https:\/\/de.indeed.com\/\" data-type=\"external\">https:\/\/de.indeed.com\/<\/a>\u00a0, wird der externe Anbieter m\u00f6glicherweise von Ihrem Browser die Information erhalten, von welcher Seite Sie zu ihm gekommen sind. F\u00fcr diese Daten ist der externe Anbieter verantwortlich. Wir sind, wie jeder andere Anbieter, nicht in der Lage, diesen Vorgang zu beeinflussen.<\/p>\n<p class=\"font_8\" style=\"text-align: left;\"><span class=\"wixGuard\">\u200b<\/span><\/p>\n<p class=\"font_8\" style=\"text-align: left;\">Informationen zur Erhebung und Verarbeitung pers\u00f6nlicher Daten sowie die Nutzung und Weitergabe pers\u00f6nlicher Daten und Zweckbindung finden Sie im Bereich\u00a0<a href=\"https:\/\/connect-professionals.de\/realestate\/datenschutz\">Datenschutz<\/a>.<\/p>\n\t\t<\/div>\n\t\t\t<\/div>\n\n\t\n<\/div>\n\t\t<\/div>\n\n\t\t\n<style>\n#section_532867741 {\n  padding-top: 30px;\n  padding-bottom: 30px;\n}\n<\/style>\n\t<\/section>\n\t\n","protected":false},"excerpt":{"rendered":"","protected":false},"author":1,"featured_media":0,"parent":0,"menu_order":0,"comment_status":"closed","ping_status":"closed","template":"page-transparent-header.php","meta":{"order-bump-settings":[],"_wpfnl_thankyou_order_overview":"on","_wpfnl_thankyou_order_details":"on","_wpfnl_thankyou_billing_details":"on","_wpfnl_thankyou_shipping_details":"on","footnotes":""},"yoast_head":"<!-- This site is optimized with the Yoast SEO plugin v22.5 - https:\/\/yoast.com\/wordpress\/plugins\/seo\/ -->\n<title>Impressum - Real Estate Professionals<\/title>\n<meta name=\"robots\" content=\"index, follow, max-snippet:-1, max-image-preview:large, max-video-preview:-1\" \/>\n<link rel=\"canonical\" href=\"https:\/\/connect-professionals.de\/realestate\/impressum\/\" \/>\n<meta property=\"og:locale\" content=\"de_DE\" \/>\n<meta property=\"og:type\" content=\"article\" \/>\n<meta property=\"og:title\" content=\"Impressum - Real Estate Professionals\" \/>\n<meta property=\"og:url\" content=\"https:\/\/connect-professionals.de\/realestate\/impressum\/\" \/>\n<meta property=\"og:site_name\" content=\"Real Estate Professionals\" \/>\n<meta property=\"article:modified_time\" content=\"2024-10-29T18:39:03+00:00\" \/>\n<meta name=\"twitter:card\" content=\"summary_large_image\" \/>\n<meta name=\"twitter:label1\" content=\"Gesch\u00e4tzte Lesezeit\" \/>\n\t<meta name=\"twitter:data1\" content=\"2 Minuten\" \/>\n<script type=\"application\/ld+json\" class=\"yoast-schema-graph\">{\"@context\":\"https:\/\/schema.org\",\"@graph\":[{\"@type\":\"WebPage\",\"@id\":\"https:\/\/connect-professionals.de\/realestate\/impressum\/\",\"url\":\"https:\/\/connect-professionals.de\/realestate\/impressum\/\",\"name\":\"Impressum - Real Estate Professionals\",\"isPartOf\":{\"@id\":\"https:\/\/connect-professionals.de\/realestate\/#website\"},\"datePublished\":\"2021-07-10T21:08:25+00:00\",\"dateModified\":\"2024-10-29T18:39:03+00:00\",\"breadcrumb\":{\"@id\":\"https:\/\/connect-professionals.de\/realestate\/impressum\/#breadcrumb\"},\"inLanguage\":\"de-DE\",\"potentialAction\":[{\"@type\":\"ReadAction\",\"target\":[\"https:\/\/connect-professionals.de\/realestate\/impressum\/\"]}]},{\"@type\":\"BreadcrumbList\",\"@id\":\"https:\/\/connect-professionals.de\/realestate\/impressum\/#breadcrumb\",\"itemListElement\":[{\"@type\":\"ListItem\",\"position\":1,\"name\":\"Startseite\",\"item\":\"https:\/\/connect-professionals.de\/realestate\/\"},{\"@type\":\"ListItem\",\"position\":2,\"name\":\"Impressum\"}]},{\"@type\":\"WebSite\",\"@id\":\"https:\/\/connect-professionals.de\/realestate\/#website\",\"url\":\"https:\/\/connect-professionals.de\/realestate\/\",\"name\":\"Real Estate Professionals\",\"description\":\"Profis f&uuml;r Ihre Immobilienprojekte\",\"potentialAction\":[{\"@type\":\"SearchAction\",\"target\":{\"@type\":\"EntryPoint\",\"urlTemplate\":\"https:\/\/connect-professionals.de\/realestate\/?s={search_term_string}\"},\"query-input\":\"required name=search_term_string\"}],\"inLanguage\":\"de-DE\"}]}<\/script>\n<!-- \/ Yoast SEO plugin. -->","yoast_head_json":{"title":"Impressum - Real Estate Professionals","robots":{"index":"index","follow":"follow","max-snippet":"max-snippet:-1","max-image-preview":"max-image-preview:large","max-video-preview":"max-video-preview:-1"},"canonical":"https:\/\/connect-professionals.de\/realestate\/impressum\/","og_locale":"de_DE","og_type":"article","og_title":"Impressum - Real Estate Professionals","og_url":"https:\/\/connect-professionals.de\/realestate\/impressum\/","og_site_name":"Real Estate Professionals","article_modified_time":"2024-10-29T18:39:03+00:00","twitter_card":"summary_large_image","twitter_misc":{"Gesch\u00e4tzte Lesezeit":"2 Minuten"},"schema":{"@context":"https:\/\/schema.org","@graph":[{"@type":"WebPage","@id":"https:\/\/connect-professionals.de\/realestate\/impressum\/","url":"https:\/\/connect-professionals.de\/realestate\/impressum\/","name":"Impressum - Real Estate Professionals","isPartOf":{"@id":"https:\/\/connect-professionals.de\/realestate\/#website"},"datePublished":"2021-07-10T21:08:25+00:00","dateModified":"2024-10-29T18:39:03+00:00","breadcrumb":{"@id":"https:\/\/connect-professionals.de\/realestate\/impressum\/#breadcrumb"},"inLanguage":"de-DE","potentialAction":[{"@type":"ReadAction","target":["https:\/\/connect-professionals.de\/realestate\/impressum\/"]}]},{"@type":"BreadcrumbList","@id":"https:\/\/connect-professionals.de\/realestate\/impressum\/#breadcrumb","itemListElement":[{"@type":"ListItem","position":1,"name":"Startseite","item":"https:\/\/connect-professionals.de\/realestate\/"},{"@type":"ListItem","position":2,"name":"Impressum"}]},{"@type":"WebSite","@id":"https:\/\/connect-professionals.de\/realestate\/#website","url":"https:\/\/connect-professionals.de\/realestate\/","name":"Real Estate Professionals","description":"Profis f&uuml;r Ihre Immobilienprojekte","potentialAction":[{"@type":"SearchAction","target":{"@type":"EntryPoint","urlTemplate":"https:\/\/connect-professionals.de\/realestate\/?s={search_term_string}"},"query-input":"required name=search_term_string"}],"inLanguage":"de-DE"}]}},"_links":{"self":[{"href":"https:\/\/connect-professionals.de\/realestate\/wp-json\/wp\/v2\/pages\/292"}],"collection":[{"href":"https:\/\/connect-professionals.de\/realestate\/wp-json\/wp\/v2\/pages"}],"about":[{"href":"https:\/\/connect-professionals.de\/realestate\/wp-json\/wp\/v2\/types\/page"}],"author":[{"embeddable":true,"href":"https:\/\/connect-professionals.de\/realestate\/wp-json\/wp\/v2\/users\/1"}],"replies":[{"embeddable":true,"href":"https:\/\/connect-professionals.de\/realestate\/wp-json\/wp\/v2\/comments?post=292"}],"version-history":[{"count":12,"href":"https:\/\/connect-professionals.de\/realestate\/wp-json\/wp\/v2\/pages\/292\/revisions"}],"predecessor-version":[{"id":634,"href":"https:\/\/connect-professionals.de\/realestate\/wp-json\/wp\/v2\/pages\/292\/revisions\/634"}],"wp:attachment":[{"href":"https:\/\/connect-professionals.de\/realestate\/wp-json\/wp\/v2\/media?parent=292"}],"curies":[{"name":"wp","href":"https:\/\/api.w.org\/{rel}","templated":true}]}}